{"id":9044,"date":"2025-11-07T09:55:21","date_gmt":"2025-11-07T12:55:21","guid":{"rendered":"https:\/\/m2bautomotive.com.br\/?page_id=9044"},"modified":"2025-11-07T10:26:17","modified_gmt":"2025-11-07T13:26:17","slug":"trabalheconosco","status":"publish","type":"page","link":"https:\/\/m2bautomotive.com.br\/en\/trabalheconosco\/","title":{"rendered":"Trabalhe Conosco"},"content":{"rendered":"<div data-elementor-type=\"wp-page\" data-elementor-id=\"9044\" class=\"elementor elementor-9044\">\n\t\t\t\t        <section class=\"elementor-section elementor-top-section elementor-element elementor-element-7701eef elementor-section-boxed elementor-section-height-default elementor-section-height-default pxl-type-header-none pxl-section-smoke_particles-no pxl-row-scroll-none\" data-id=\"7701eef\" data-element_type=\"section\">\n\n                \n                <div class=\"elementor-container elementor-column-gap-default\">\n                <div class=\"elementor-column elementor-col-100 elementor-top-column elementor-element elementor-element-10e1b75 pxl-column-element-default pxl-column-none\" data-id=\"10e1b75\" data-element_type=\"column\">\r\n        <div class=\"elementor-widget-wrap elementor-element-populated\">\r\n                     \r\n        \t\t<div class=\"elementor-element elementor-element-69dbe46 elementor-widget elementor-widget-image\" data-id=\"69dbe46\" data-element_type=\"widget\" data-widget_type=\"image.default\">\n\t\t\t\t<div class=\"elementor-widget-container\">\n\t\t\t\t\t\t\t\t\t\t\t\t\t\t\t<img fetchpriority=\"high\" decoding=\"async\" width=\"1024\" height=\"576\" src=\"https:\/\/m2bautomotive.com.br\/wp-content\/uploads\/2025\/11\/timem2b-1024x576.jpg\" class=\"attachment-large size-large wp-image-9057\" alt=\"\" srcset=\"https:\/\/m2bautomotive.com.br\/wp-content\/uploads\/2025\/11\/timem2b-1024x576.jpg 1024w, https:\/\/m2bautomotive.com.br\/wp-content\/uploads\/2025\/11\/timem2b-300x169.jpg 300w, https:\/\/m2bautomotive.com.br\/wp-content\/uploads\/2025\/11\/timem2b-768x432.jpg 768w, https:\/\/m2bautomotive.com.br\/wp-content\/uploads\/2025\/11\/timem2b-1536x864.jpg 1536w, https:\/\/m2bautomotive.com.br\/wp-content\/uploads\/2025\/11\/timem2b-18x10.jpg 18w, https:\/\/m2bautomotive.com.br\/wp-content\/uploads\/2025\/11\/timem2b-600x338.jpg 600w, https:\/\/m2bautomotive.com.br\/wp-content\/uploads\/2025\/11\/timem2b-280x158.jpg 280w, https:\/\/m2bautomotive.com.br\/wp-content\/uploads\/2025\/11\/timem2b-1170x658.jpg 1170w, https:\/\/m2bautomotive.com.br\/wp-content\/uploads\/2025\/11\/timem2b.jpg 1920w\" sizes=\"(max-width: 1024px) 100vw, 1024px\" \/>\t\t\t\t\t\t\t\t\t\t\t\t\t\t\t<\/div>\n\t\t\t\t<\/div>\n\t\t\t\t<div class=\"elementor-element elementor-element-751c9d1 elementor-widget elementor-widget-spacer\" data-id=\"751c9d1\" data-element_type=\"widget\" data-widget_type=\"spacer.default\">\n\t\t\t\t<div class=\"elementor-widget-container\">\n\t\t\t\t\t\t\t<div class=\"elementor-spacer\">\n\t\t\t<div class=\"elementor-spacer-inner\"><\/div>\n\t\t<\/div>\n\t\t\t\t\t\t<\/div>\n\t\t\t\t<\/div>\n\t\t            <\/div>\r\n        <\/div>\r\n        \t\t\t<\/div>\n\t\t<\/section>\n\t\t        <section class=\"elementor-section elementor-top-section elementor-element elementor-element-e2e52a1 elementor-section-boxed elementor-section-height-default elementor-section-height-default pxl-type-header-none pxl-section-smoke_particles-no pxl-row-scroll-none\" data-id=\"e2e52a1\" data-element_type=\"section\">\n\n                \n                <div class=\"elementor-container elementor-column-gap-default\">\n                <div class=\"elementor-column elementor-col-100 elementor-top-column elementor-element elementor-element-c46d144 pxl-column-element-default pxl-column-none\" data-id=\"c46d144\" data-element_type=\"column\">\r\n        <div class=\"elementor-widget-wrap elementor-element-populated\">\r\n                     \r\n        \t\t<div class=\"elementor-element elementor-element-786647d elementor-widget elementor-widget-text-editor\" data-id=\"786647d\" data-element_type=\"widget\" data-widget_type=\"text-editor.default\">\n\t\t\t\t<div class=\"elementor-widget-container\">\n\t\t\t\t\t\t\t\t\t<p>Na M2B Automotive, acreditamos que <strong>pessoas s\u00e3o o motor que move nossos resultados<\/strong>.<br \/>Mais do que produzir espelhos retrovisores, n\u00f3s refletimos <strong>hist\u00f3rias de dedica\u00e7\u00e3o, inova\u00e7\u00e3o e trabalho em equipe<\/strong>.<\/p><p>Com mais de <strong>25 anos de experi\u00eancia<\/strong> no mercado automotivo, somos refer\u00eancia em qualidade e tecnologia, reconhecidos por nossa capacidade de unir tradi\u00e7\u00e3o e modernidade para entregar produtos de alto desempenho.<br \/>Mas o que realmente nos diferencia s\u00e3o as <strong>pessoas que fazem parte do nosso time<\/strong> \u2014 profissionais que acreditam no valor da excel\u00eancia e que constroem, todos os dias, um ambiente de crescimento e aprendizado.<\/p><p>Buscamos <strong>talentos comprometidos, inovadores e apaixonados pelo que fazem<\/strong>, que desejam contribuir com ideias e crescer junto com a empresa.<br \/>Se voc\u00ea \u00e9 movido por desafios e quer fazer parte de uma equipe que reflete confian\u00e7a e evolu\u00e7\u00e3o cont\u00ednua, o seu lugar \u00e9 aqui.<\/p>\t\t\t\t\t\t\t\t<\/div>\n\t\t\t\t<\/div>\n\t\t            <\/div>\r\n        <\/div>\r\n        \t\t\t<\/div>\n\t\t<\/section>\n\t\t        <section class=\"elementor-section elementor-top-section elementor-element elementor-element-ad73124 elementor-section-boxed elementor-section-height-default elementor-section-height-default pxl-type-header-none pxl-section-smoke_particles-no pxl-row-scroll-none\" data-id=\"ad73124\" data-element_type=\"section\">\n\n                \n                <div class=\"elementor-container elementor-column-gap-default\">\n                <div class=\"elementor-column elementor-col-100 elementor-top-column elementor-element elementor-element-d6e8bb4 pxl-column-element-default pxl-column-none\" data-id=\"d6e8bb4\" data-element_type=\"column\">\r\n        <div class=\"elementor-widget-wrap elementor-element-populated\">\r\n                     \r\n        \t\t<div class=\"elementor-element elementor-element-ac2eb83 elementor-widget elementor-widget-pxl_heading\" data-id=\"ac2eb83\" data-element_type=\"widget\" data-widget_type=\"pxl_heading.default\">\n\t\t\t\t<div class=\"elementor-widget-container\">\n\t\t\t\t\t<div id=\"pxl-pxl_heading-ac2eb83-3317\" class=\"pxl-heading px-sub-title-default-style\">\n\t<div class=\"pxl-heading--inner\">\n\t\t\n\t\t\n\t\t<h3 class=\"pxl-item--title\" data-wow-delay=\"ms\">\n\t\t\t\t\t\t\tNos envie seu curriculum\t\t\n\t\t\t\t\n\t\t<\/h3>\n\n\t\t\n\t\t\n\t\t\t\t\t\t\t\t\t<\/div>\n<\/div>\t\t\t\t<\/div>\n\t\t\t\t<\/div>\n\t\t\t\t<div class=\"elementor-element elementor-element-9fbd6f7 elementor-widget elementor-widget-pxl_link\" data-id=\"9fbd6f7\" data-element_type=\"widget\" data-widget_type=\"pxl_link.default\">\n\t\t\t\t<div class=\"elementor-widget-container\">\n\t\t\t\t\t    <ul class=\"pxl-link pxl-link-l1 pxl-block\" data-wow-delay=\"ms\">\r\n                        <li class=\"\">\r\n                    <a href=\"mailto:bemestar@m2bautomotive.com.br\">\r\n                                                <span>bemestar@m2bautomotive.com.br<\/span>\r\n                    <\/a>\r\n                <\/li>\r\n            <\/ul>\r\n\t\t\t\t<\/div>\n\t\t\t\t<\/div>\n\t\t            <\/div>\r\n        <\/div>\r\n        \t\t\t<\/div>\n\t\t<\/section>\n\t\t\t\t<\/div>","protected":false},"excerpt":{"rendered":"<p>Na M2B Automotive, acreditamos que pessoas s\u00e3o o motor que move nossos resultados.Mais do que produzir espelhos retrovisores, n\u00f3s refletimos hist\u00f3rias de dedica\u00e7\u00e3o, inova\u00e7\u00e3o e trabalho em equipe. Com mais de 25 anos de experi\u00eancia no mercado automotivo, somos refer\u00eancia em qualidade e tecnologia, reconhecidos por nossa capacidade de unir tradi\u00e7\u00e3o e modernidade para entregar [&hellip;]<\/p>","protected":false},"author":2,"featured_media":0,"parent":0,"menu_order":0,"comment_status":"closed","ping_status":"closed","template":"","meta":{"content-type":"","_sharing_image":[],"_sharing_image_fieldset":{"bhdaZLZhGCGO":0,"hVLxQSJ3U60d":"","CwvlvHGkzug0":"Trabalhe Conosco","IWBN3mDsETuD":""},"_joinchat":[],"footnotes":""},"class_list":["post-9044","page","type-page","status-publish","hentry"],"_links":{"self":[{"href":"https:\/\/m2bautomotive.com.br\/en\/wp-json\/wp\/v2\/pages\/9044","targetHints":{"allow":["GET"]}}],"collection":[{"href":"https:\/\/m2bautomotive.com.br\/en\/wp-json\/wp\/v2\/pages"}],"about":[{"href":"https:\/\/m2bautomotive.com.br\/en\/wp-json\/wp\/v2\/types\/page"}],"author":[{"embeddable":true,"href":"https:\/\/m2bautomotive.com.br\/en\/wp-json\/wp\/v2\/users\/2"}],"replies":[{"embeddable":true,"href":"https:\/\/m2bautomotive.com.br\/en\/wp-json\/wp\/v2\/comments?post=9044"}],"version-history":[{"count":20,"href":"https:\/\/m2bautomotive.com.br\/en\/wp-json\/wp\/v2\/pages\/9044\/revisions"}],"predecessor-version":[{"id":9067,"href":"https:\/\/m2bautomotive.com.br\/en\/wp-json\/wp\/v2\/pages\/9044\/revisions\/9067"}],"wp:attachment":[{"href":"https:\/\/m2bautomotive.com.br\/en\/wp-json\/wp\/v2\/media?parent=9044"}],"curies":[{"name":"wp","href":"https:\/\/api.w.org\/{rel}","templated":true}]}}