{"id":8835,"date":"2025-04-01T09:07:34","date_gmt":"2025-04-01T12:07:34","guid":{"rendered":"https:\/\/m2bautomotive.com.br\/?page_id=8835"},"modified":"2025-04-01T13:14:38","modified_gmt":"2025-04-01T16:14:38","slug":"manifesto","status":"publish","type":"page","link":"https:\/\/m2bautomotive.com.br\/en\/manifesto\/","title":{"rendered":"Manifesto"},"content":{"rendered":"<div data-elementor-type=\"wp-page\" data-elementor-id=\"8835\" class=\"elementor elementor-8835\">\n\t\t\t\t        <section class=\"elementor-section elementor-top-section elementor-element elementor-element-8429fb7 elementor-section-boxed elementor-section-height-default elementor-section-height-default pxl-type-header-none pxl-section-smoke_particles-no pxl-row-scroll-none\" data-id=\"8429fb7\" data-element_type=\"section\">\n\n                \n                <div class=\"elementor-container elementor-column-gap-extended\">\n                <div class=\"elementor-column elementor-col-100 elementor-top-column elementor-element elementor-element-bb6a550 pxl-column-element-default pxl-column-none\" data-id=\"bb6a550\" data-element_type=\"column\">\r\n        <div class=\"elementor-widget-wrap elementor-element-populated\">\r\n                     \r\n        \t\t<div class=\"elementor-element elementor-element-11993f8 elementor-widget elementor-widget-pxl_heading\" data-id=\"11993f8\" data-element_type=\"widget\" data-widget_type=\"pxl_heading.default\">\n\t\t\t\t<div class=\"elementor-widget-container\">\n\t\t\t\t\t<div id=\"pxl-pxl_heading-11993f8-5530\" class=\"pxl-heading px-sub-title-default-style\">\n\t<div class=\"pxl-heading--inner\">\n\t\t\n\t\t\n\t\t<h3 class=\"pxl-item--title\" data-wow-delay=\"ms\">\n\t\t\t\t\t\t\tA Miss\u00e3o M2B define nosso Prop\u00f3sito\n\t\t\n\t\t\t\t\n\t\t<\/h3>\n\n\t\t\n\t\t\n\t\t\t\t\t\t\t\t\t<\/div>\n<\/div>\t\t\t\t<\/div>\n\t\t\t\t<\/div>\n\t\t\t\t<div class=\"elementor-element elementor-element-0f5f9eb elementor-widget elementor-widget-pxl_text_editor\" data-id=\"0f5f9eb\" data-element_type=\"widget\" data-widget_type=\"pxl_text_editor.default\">\n\t\t\t\t<div class=\"elementor-widget-container\">\n\t\t\t\t\t<div class=\"pxl-text-editor\">\n\t<div class=\"pxl-item--inner\" data-wow-delay=\"ms\">\n\t\t<p><span style=\"font-weight: 400\">A M2B tem a miss\u00e3o de ser uma empresa s\u00f3lida, humana, sustent\u00e1vel e comprometida com todas as pessoas e processos envolvidos Nossos conhecimentos e capacidade de aprendizagem garantem suporte personalizado ao cliente e portf\u00f3lio diversificado de produtos e servi\u00e7os, que abrangem: Processos de Curva\u00e7\u00e3o de vidro; Metaliza\u00e7\u00e3o de vidro; Corte; Fabrica\u00e7\u00e3o de espelhos; Fabrica\u00e7\u00e3o de componentes para espelhos retrovisores; Com\u00e9rcio de Vidros, Espelhos e Componentes para Espelhos; Com\u00e9rcio de produtos para cuidados pessoais; Espelhos de Seguran\u00e7a. Nossos processos resultam da filosofia de gest\u00e3o Lean Manufacturing, com o objetivo de alcan\u00e7ar o m\u00e1ximo de valor agregado com a melhor utiliza\u00e7\u00e3o de recursos. Sistemas automatizados, inova\u00e7\u00e3o, tecnologia e controles de precis\u00e3o refletem na excel\u00eancia em seguran\u00e7a e qualidade dos produtos e servi\u00e7os que oferecemos.<\/span><\/p>\t<\/div>\n<\/div>\t\t\t\t<\/div>\n\t\t\t\t<\/div>\n\t\t            <\/div>\r\n        <\/div>\r\n        \t\t\t<\/div>\n\t\t<\/section>\n\t\t        <section class=\"elementor-section elementor-top-section elementor-element elementor-element-e98c487 elementor-section-boxed elementor-section-height-default elementor-section-height-default pxl-type-header-none pxl-section-smoke_particles-no pxl-row-scroll-none\" data-id=\"e98c487\" data-element_type=\"section\">\n\n                \n                <div class=\"elementor-container elementor-column-gap-default\">\n                <div class=\"elementor-column elementor-col-100 elementor-top-column elementor-element elementor-element-bfeb6ec pxl-column-element-default pxl-column-none\" data-id=\"bfeb6ec\" data-element_type=\"column\">\r\n        <div class=\"elementor-widget-wrap\">\r\n                     \r\n                    <\/div>\r\n        <\/div>\r\n        \t\t\t<\/div>\n\t\t<\/section>\n\t\t        <section class=\"elementor-section elementor-top-section elementor-element elementor-element-e58f247 elementor-section-boxed elementor-section-height-default elementor-section-height-default pxl-type-header-none pxl-section-smoke_particles-no pxl-row-scroll-none\" data-id=\"e58f247\" data-element_type=\"section\">\n\n                \n                <div class=\"elementor-container elementor-column-gap-default\">\n                <div class=\"elementor-column elementor-col-100 elementor-top-column elementor-element elementor-element-769526e pxl-column-element-default pxl-column-none\" data-id=\"769526e\" data-element_type=\"column\">\r\n        <div class=\"elementor-widget-wrap elementor-element-populated\">\r\n                     \r\n        \t\t<div class=\"elementor-element elementor-element-e2432b7 elementor-widget-divider--view-line elementor-widget elementor-widget-divider\" data-id=\"e2432b7\" data-element_type=\"widget\" data-widget_type=\"divider.default\">\n\t\t\t\t<div class=\"elementor-widget-container\">\n\t\t\t\t\t\t\t<div class=\"elementor-divider\">\n\t\t\t<span class=\"elementor-divider-separator\">\n\t\t\t\t\t\t<\/span>\n\t\t<\/div>\n\t\t\t\t\t\t<\/div>\n\t\t\t\t<\/div>\n\t\t            <\/div>\r\n        <\/div>\r\n        \t\t\t<\/div>\n\t\t<\/section>\n\t\t        <section class=\"elementor-section elementor-top-section elementor-element elementor-element-4c7d2e2 elementor-section-boxed elementor-section-height-default elementor-section-height-default pxl-type-header-none pxl-section-smoke_particles-no pxl-row-scroll-none\" data-id=\"4c7d2e2\" data-element_type=\"section\">\n\n                \n                <div class=\"elementor-container elementor-column-gap-extended\">\n                <div class=\"elementor-column elementor-col-100 elementor-top-column elementor-element elementor-element-0e4ca48 pxl-column-element-default pxl-column-none\" data-id=\"0e4ca48\" data-element_type=\"column\">\r\n        <div class=\"elementor-widget-wrap elementor-element-populated\">\r\n                     \r\n        \t\t<div class=\"elementor-element elementor-element-09d1a09 elementor-widget elementor-widget-pxl_heading\" data-id=\"09d1a09\" data-element_type=\"widget\" data-widget_type=\"pxl_heading.default\">\n\t\t\t\t<div class=\"elementor-widget-container\">\n\t\t\t\t\t<div id=\"pxl-pxl_heading-09d1a09-8801\" class=\"pxl-heading px-sub-title-default-style\">\n\t<div class=\"pxl-heading--inner\">\n\t\t\n\t\t\n\t\t<h3 class=\"pxl-item--title\" data-wow-delay=\"ms\">\n\t\t\t\t\t\t\tOs Valores M2B orientam nosso comportamento e cultura organizacional\n\t\t\n\t\t\t\t\n\t\t<\/h3>\n\n\t\t\n\t\t\n\t\t\t\t\t\t\t\t\t<\/div>\n<\/div>\t\t\t\t<\/div>\n\t\t\t\t<\/div>\n\t\t\t\t<div class=\"elementor-element elementor-element-3e81667 elementor-widget elementor-widget-pxl_text_editor\" data-id=\"3e81667\" data-element_type=\"widget\" data-widget_type=\"pxl_text_editor.default\">\n\t\t\t\t<div class=\"elementor-widget-container\">\n\t\t\t\t\t<div class=\"pxl-text-editor\">\n\t<div class=\"pxl-item--inner\" data-wow-delay=\"ms\">\n\t\t<p><span style=\"font-weight: 400\">Colabora\u00e7\u00e3o, Comunica\u00e7\u00e3o, Encantamento, Entusiasmo, Responsabilidade e Valoriza\u00e7\u00e3o pessoal.<\/span><\/p>\t<\/div>\n<\/div>\t\t\t\t<\/div>\n\t\t\t\t<\/div>\n\t\t            <\/div>\r\n        <\/div>\r\n        \t\t\t<\/div>\n\t\t<\/section>\n\t\t        <section class=\"elementor-section elementor-top-section elementor-element elementor-element-8569b31 elementor-section-boxed elementor-section-height-default elementor-section-height-default pxl-type-header-none pxl-section-smoke_particles-no pxl-row-scroll-none\" data-id=\"8569b31\" data-element_type=\"section\">\n\n                \n                <div class=\"elementor-container elementor-column-gap-extended\">\n                <div class=\"elementor-column elementor-col-100 elementor-top-column elementor-element elementor-element-9327bc4 pxl-column-element-default pxl-column-none\" data-id=\"9327bc4\" data-element_type=\"column\">\r\n        <div class=\"elementor-widget-wrap elementor-element-populated\">\r\n                     \r\n        \t\t<div class=\"elementor-element elementor-element-dd71d8f elementor-widget-divider--view-line elementor-widget elementor-widget-divider\" data-id=\"dd71d8f\" data-element_type=\"widget\" data-widget_type=\"divider.default\">\n\t\t\t\t<div class=\"elementor-widget-container\">\n\t\t\t\t\t\t\t<div class=\"elementor-divider\">\n\t\t\t<span class=\"elementor-divider-separator\">\n\t\t\t\t\t\t<\/span>\n\t\t<\/div>\n\t\t\t\t\t\t<\/div>\n\t\t\t\t<\/div>\n\t\t\t\t<div class=\"elementor-element elementor-element-be89135 elementor-widget elementor-widget-pxl_heading\" data-id=\"be89135\" data-element_type=\"widget\" data-widget_type=\"pxl_heading.default\">\n\t\t\t\t<div class=\"elementor-widget-container\">\n\t\t\t\t\t<div id=\"pxl-pxl_heading-be89135-1537\" class=\"pxl-heading px-sub-title-default-style\">\n\t<div class=\"pxl-heading--inner\">\n\t\t\n\t\t\n\t\t<h3 class=\"pxl-item--title\" data-wow-delay=\"ms\">\n\t\t\t\t\t\t\tA Vis\u00e3o M2B estabelece nossa Dire\u00e7\u00e3o Futura\n\t\t\n\t\t\t\t\n\t\t<\/h3>\n\n\t\t\n\t\t\n\t\t\t\t\t\t\t\t\t<\/div>\n<\/div>\t\t\t\t<\/div>\n\t\t\t\t<\/div>\n\t\t\t\t<div class=\"elementor-element elementor-element-5b54dce elementor-widget elementor-widget-pxl_text_editor\" data-id=\"5b54dce\" data-element_type=\"widget\" data-widget_type=\"pxl_text_editor.default\">\n\t\t\t\t<div class=\"elementor-widget-container\">\n\t\t\t\t\t<div class=\"pxl-text-editor\">\n\t<div class=\"pxl-item--inner\" data-wow-delay=\"ms\">\n\t\t<p><span style=\"font-weight: 400\">Nosso prop\u00f3sito \u00e9 ser uma empresa que gera felicidade, reconhecida globalmente por seus elevados padr\u00f5es de excel\u00eancia no ambiente de trabalho, embasada nos pilares de nossa cultura. Visamos ser um ambiente de aprendizagem cont\u00ednua, proporcionando o desenvolvimento de solu\u00e7\u00f5es tecnol\u00f3gicas inovadoras para atender e se antecipar \u00e0s necessidades e tend\u00eancias do mercado. Buscamos consolidar nossa Marca, mantendo nossos olhos no futuro, prontos para explorar novas oportunidades de diversifica\u00e7\u00e3o em nosso portf\u00f3lio.<\/span><\/p>\t<\/div>\n<\/div>\t\t\t\t<\/div>\n\t\t\t\t<\/div>\n\t\t\t\t<div class=\"elementor-element elementor-element-bdc649d elementor-widget-divider--view-line elementor-widget elementor-widget-divider\" data-id=\"bdc649d\" data-element_type=\"widget\" data-widget_type=\"divider.default\">\n\t\t\t\t<div class=\"elementor-widget-container\">\n\t\t\t\t\t\t\t<div class=\"elementor-divider\">\n\t\t\t<span class=\"elementor-divider-separator\">\n\t\t\t\t\t\t<\/span>\n\t\t<\/div>\n\t\t\t\t\t\t<\/div>\n\t\t\t\t<\/div>\n\t\t            <\/div>\r\n        <\/div>\r\n        \t\t\t<\/div>\n\t\t<\/section>\n\t\t        <section class=\"elementor-section elementor-top-section elementor-element elementor-element-d270a83 elementor-section-boxed elementor-section-height-default elementor-section-height-default pxl-type-header-none pxl-section-smoke_particles-no pxl-row-scroll-none\" data-id=\"d270a83\" data-element_type=\"section\">\n\n                \n                <div class=\"elementor-container elementor-column-gap-extended\">\n                <div class=\"elementor-column elementor-col-100 elementor-top-column elementor-element elementor-element-e66fe98 pxl-column-element-default pxl-column-none\" data-id=\"e66fe98\" data-element_type=\"column\">\r\n        <div class=\"elementor-widget-wrap elementor-element-populated\">\r\n                     \r\n        \t\t<div class=\"elementor-element elementor-element-57963ec elementor-widget elementor-widget-pxl_heading\" data-id=\"57963ec\" data-element_type=\"widget\" data-widget_type=\"pxl_heading.default\">\n\t\t\t\t<div class=\"elementor-widget-container\">\n\t\t\t\t\t<div id=\"pxl-pxl_heading-57963ec-8137\" class=\"pxl-heading px-sub-title-default-style\">\n\t<div class=\"pxl-heading--inner\">\n\t\t\n\t\t\n\t\t<h3 class=\"pxl-item--title\" data-wow-delay=\"ms\">\n\t\t\t\t\t\t\tManifesto\t\t\n\t\t\t\t\n\t\t<\/h3>\n\n\t\t\n\t\t\n\t\t\t\t\t\t\t\t\t<\/div>\n<\/div>\t\t\t\t<\/div>\n\t\t\t\t<\/div>\n\t\t\t\t<div class=\"elementor-element elementor-element-76eb9f8 elementor-widget elementor-widget-pxl_text_editor\" data-id=\"76eb9f8\" data-element_type=\"widget\" data-widget_type=\"pxl_text_editor.default\">\n\t\t\t\t<div class=\"elementor-widget-container\">\n\t\t\t\t\t<div class=\"pxl-text-editor\">\n\t<div class=\"pxl-item--inner\" data-wow-delay=\"ms\">\n\t\t<p><span style=\"font-weight: 400\">O trabalho, com a dedica\u00e7\u00e3o em sermos mais transparentes, CONSCIENTES, ressignificar nossa rotina atrav\u00e9s das nossas for\u00e7as, dons e TALENTOS. Encontrar o que nos desafia, nos motiva e ENGAJA. Focar no TRABALHO EM EQUIPE e cultivar a certeza de que todos n\u00f3s temos a parte necess\u00e1ria para os RESULTADOS extraordin\u00e1rios.<\/span><\/p><p><span style=\"font-weight: 400\">As rela\u00e7\u00f5es, com o sentimento de que \u00e9 preciso construir conex\u00f5es mais humanas e emp\u00e1ticas. Somos seres sociais e fazer parte de uma rede onde somos e temos apoio, somos e temos valor, somos e temos COLABORA\u00c7\u00c3O, somos e temos respeito, trar\u00e1 como resultado aumento da PRODUTIVIDADE, LUCRATIVIDADE e reconhecimento para todos.<\/span><span style=\"font-weight: 400\"><br \/><\/span><\/p>\t<\/div>\n<\/div>\t\t\t\t<\/div>\n\t\t\t\t<\/div>\n\t\t            <\/div>\r\n        <\/div>\r\n        \t\t\t<\/div>\n\t\t<\/section>\n\t\t\t\t<\/div>","protected":false},"excerpt":{"rendered":"<p>A Miss\u00e3o M2B define nosso Prop\u00f3sito A M2B tem a miss\u00e3o de ser uma empresa s\u00f3lida, humana, sustent\u00e1vel e comprometida com todas as pessoas e processos envolvidos Nossos conhecimentos e capacidade de aprendizagem garantem suporte personalizado ao cliente e portf\u00f3lio diversificado de produtos e servi\u00e7os, que abrangem: Processos de Curva\u00e7\u00e3o de vidro; Metaliza\u00e7\u00e3o de vidro; [&hellip;]<\/p>","protected":false},"author":2,"featured_media":0,"parent":0,"menu_order":0,"comment_status":"closed","ping_status":"closed","template":"","meta":{"content-type":"","_sharing_image":[],"_sharing_image_fieldset":[],"_joinchat":[],"footnotes":""},"class_list":["post-8835","page","type-page","status-publish","hentry"],"_links":{"self":[{"href":"https:\/\/m2bautomotive.com.br\/en\/wp-json\/wp\/v2\/pages\/8835","targetHints":{"allow":["GET"]}}],"collection":[{"href":"https:\/\/m2bautomotive.com.br\/en\/wp-json\/wp\/v2\/pages"}],"about":[{"href":"https:\/\/m2bautomotive.com.br\/en\/wp-json\/wp\/v2\/types\/page"}],"author":[{"embeddable":true,"href":"https:\/\/m2bautomotive.com.br\/en\/wp-json\/wp\/v2\/users\/2"}],"replies":[{"embeddable":true,"href":"https:\/\/m2bautomotive.com.br\/en\/wp-json\/wp\/v2\/comments?post=8835"}],"version-history":[{"count":13,"href":"https:\/\/m2bautomotive.com.br\/en\/wp-json\/wp\/v2\/pages\/8835\/revisions"}],"predecessor-version":[{"id":8849,"href":"https:\/\/m2bautomotive.com.br\/en\/wp-json\/wp\/v2\/pages\/8835\/revisions\/8849"}],"wp:attachment":[{"href":"https:\/\/m2bautomotive.com.br\/en\/wp-json\/wp\/v2\/media?parent=8835"}],"curies":[{"name":"wp","href":"https:\/\/api.w.org\/{rel}","templated":true}]}}