{"id":124,"date":"2023-11-14T02:34:43","date_gmt":"2023-11-14T02:34:43","guid":{"rendered":"https:\/\/demo.bravisthemes.com\/ducatibox\/?page_id=124"},"modified":"2025-04-01T13:57:14","modified_gmt":"2025-04-01T16:57:14","slug":"contact","status":"publish","type":"page","link":"https:\/\/m2bautomotive.com.br\/en\/contact\/","title":{"rendered":"Contato"},"content":{"rendered":"<div data-elementor-type=\"wp-page\" data-elementor-id=\"124\" class=\"elementor elementor-124\">\n\t\t\t\t        <section class=\"elementor-section elementor-top-section elementor-element elementor-element-ff1665d elementor-section-stretched elementor-section-boxed elementor-section-height-default elementor-section-height-default pxl-type-header-none pxl-section-smoke_particles-no pxl-row-scroll-none\" data-id=\"ff1665d\" data-element_type=\"section\" data-settings=\"{&quot;stretch_section&quot;:&quot;section-stretched&quot;}\">\n\n                \n                <div class=\"elementor-container elementor-column-gap-extended\">\n                <div class=\"elementor-column elementor-col-100 elementor-top-column elementor-element elementor-element-1410a1e pxl-column-element-default pxl-column-none\" data-id=\"1410a1e\" data-element_type=\"column\">\r\n        <div class=\"elementor-widget-wrap elementor-element-populated\">\r\n                     \r\n                <section class=\"elementor-section elementor-inner-section elementor-element elementor-element-04de619 elementor-section-boxed elementor-section-height-default elementor-section-height-default pxl-type-header-none pxl-section-smoke_particles-no pxl-row-scroll-none\" data-id=\"04de619\" data-element_type=\"section\">\n\n                \n                <div class=\"elementor-container elementor-column-gap-no\">\n                <div class=\"elementor-column elementor-col-33 elementor-inner-column elementor-element elementor-element-f73ed53 pxl-column-element-default pxl-column-none\" data-id=\"f73ed53\" data-element_type=\"column\">\r\n        <div class=\"elementor-widget-wrap elementor-element-populated\">\r\n                     \r\n        \t\t<div class=\"elementor-element elementor-element-bd78350 elementor-widget elementor-widget-pxl_heading\" data-id=\"bd78350\" data-element_type=\"widget\" data-widget_type=\"pxl_heading.default\">\n\t\t\t\t<div class=\"elementor-widget-container\">\n\t\t\t\t\t<div id=\"pxl-pxl_heading-bd78350-5435\" class=\"pxl-heading px-sub-title-default-style\">\n\t<div class=\"pxl-heading--inner\">\n\t\t\n\t\t\t\t\t<div class=\"pxl-item--subtitle px-sub-title-default\" data-wow-delay=\"ms\">\n\t\t\t\t<span class=\"pxl-item--subtext\">\n\t\t\t\t\t\t\t\t\t\t\t<span class=\"pxl-item--icon pxl-mr-1\">\n\t\t\t\t\t\t\t<i aria-hidden=\"true\" class=\"fab fa-whatsapp\"><\/i>\t\t\t\t\t\t<\/span>\n\t\t\t\t\t\t\t\t\t\tWhatsapp\t\t\t\t\t<span class=\"pxl-item--subdivider\"><\/span>\n\t\t\t\t<\/span>\n\t\t\t<\/div>\n\t\t\n\t\t<h3 class=\"pxl-item--title\" data-wow-delay=\"ms\">\n\t\t\t\t\t\t\t\t\t\n\t\t\t\t\n\t\t<\/h3>\n\n\t\t\n\t\t\n\t\t\t\t\t\t\t\t\t<\/div>\n<\/div>\t\t\t\t<\/div>\n\t\t\t\t<\/div>\n\t\t\t\t<div class=\"elementor-element elementor-element-adbe74f elementor-widget elementor-widget-pxl_heading\" data-id=\"adbe74f\" data-element_type=\"widget\" data-widget_type=\"pxl_heading.default\">\n\t\t\t\t<div class=\"elementor-widget-container\">\n\t\t\t\t\t<div id=\"pxl-pxl_heading-adbe74f-3007\" class=\"pxl-heading px-sub-title-default-style\">\n\t<div class=\"pxl-heading--inner\">\n\t\t\n\t\t\n\t\t<h3 class=\"pxl-item--title\" data-wow-delay=\"ms\">\n\t\t\t\t\t\t\tEntre em contato conosco\t\t\n\t\t\t\t\n\t\t<\/h3>\n\n\t\t\n\t\t\n\t\t\t\t\t\t\t\t\t<\/div>\n<\/div>\t\t\t\t<\/div>\n\t\t\t\t<\/div>\n\t\t\t\t<div class=\"elementor-element elementor-element-6fdf116 elementor-widget elementor-widget-pxl_link\" data-id=\"6fdf116\" data-element_type=\"widget\" data-widget_type=\"pxl_link.default\">\n\t\t\t\t<div class=\"elementor-widget-container\">\n\t\t\t\t\t    <ul class=\"pxl-link pxl-link-l1 pxl-block\" data-wow-delay=\"ms\">\r\n                        <li class=\"\">\r\n                    <a href=\"tel:551939368020\">\r\n                                                <span>(19) 3936-8020<\/span>\r\n                    <\/a>\r\n                <\/li>\r\n            <\/ul>\r\n\t\t\t\t<\/div>\n\t\t\t\t<\/div>\n\t\t            <\/div>\r\n        <\/div>\r\n                <div class=\"elementor-column elementor-col-33 elementor-inner-column elementor-element elementor-element-2965a28 pxl-column-element-default pxl-column-none\" data-id=\"2965a28\" data-element_type=\"column\">\r\n        <div class=\"elementor-widget-wrap elementor-element-populated\">\r\n                     \r\n        \t\t<div class=\"elementor-element elementor-element-639c1d5 elementor-widget elementor-widget-pxl_heading\" data-id=\"639c1d5\" data-element_type=\"widget\" data-widget_type=\"pxl_heading.default\">\n\t\t\t\t<div class=\"elementor-widget-container\">\n\t\t\t\t\t<div id=\"pxl-pxl_heading-639c1d5-6042\" class=\"pxl-heading px-sub-title-default-style\">\n\t<div class=\"pxl-heading--inner\">\n\t\t\n\t\t\t\t\t<div class=\"pxl-item--subtitle px-sub-title-default\" data-wow-delay=\"ms\">\n\t\t\t\t<span class=\"pxl-item--subtext\">\n\t\t\t\t\t\t\t\t\t\t\t<span class=\"pxl-item--icon pxl-mr-1\">\n\t\t\t\t\t\t\t<i aria-hidden=\"true\" class=\"fal fa-mail-bulk\"><\/i>\t\t\t\t\t\t<\/span>\n\t\t\t\t\t\t\t\t\t\tEmail\t\t\t\t\t<span class=\"pxl-item--subdivider\"><\/span>\n\t\t\t\t<\/span>\n\t\t\t<\/div>\n\t\t\n\t\t<h3 class=\"pxl-item--title\" data-wow-delay=\"ms\">\n\t\t\t\t\t\t\t\t\t\n\t\t\t\t\n\t\t<\/h3>\n\n\t\t\n\t\t\n\t\t\t\t\t\t\t\t\t<\/div>\n<\/div>\t\t\t\t<\/div>\n\t\t\t\t<\/div>\n\t\t\t\t<div class=\"elementor-element elementor-element-c16089f elementor-widget elementor-widget-pxl_heading\" data-id=\"c16089f\" data-element_type=\"widget\" data-widget_type=\"pxl_heading.default\">\n\t\t\t\t<div class=\"elementor-widget-container\">\n\t\t\t\t\t<div id=\"pxl-pxl_heading-c16089f-2051\" class=\"pxl-heading px-sub-title-default-style\">\n\t<div class=\"pxl-heading--inner\">\n\t\t\n\t\t\n\t\t<h3 class=\"pxl-item--title\" data-wow-delay=\"ms\">\n\t\t\t\t\t\t\tNos envie um email\t\t\n\t\t\t\t\n\t\t<\/h3>\n\n\t\t\n\t\t\n\t\t\t\t\t\t\t\t\t<\/div>\n<\/div>\t\t\t\t<\/div>\n\t\t\t\t<\/div>\n\t\t\t\t<div class=\"elementor-element elementor-element-3c92e20 elementor-widget elementor-widget-pxl_link\" data-id=\"3c92e20\" data-element_type=\"widget\" data-widget_type=\"pxl_link.default\">\n\t\t\t\t<div class=\"elementor-widget-container\">\n\t\t\t\t\t    <ul class=\"pxl-link pxl-link-l1 pxl-block\" data-wow-delay=\"ms\">\r\n                        <li class=\"\">\r\n                    <a href=\"mailto:faleconosco@m2bautomotive.com.br\">\r\n                                                <span>faleconosco@m2bautomotive.com.br<\/span>\r\n                    <\/a>\r\n                <\/li>\r\n            <\/ul>\r\n\t\t\t\t<\/div>\n\t\t\t\t<\/div>\n\t\t            <\/div>\r\n        <\/div>\r\n                <div class=\"elementor-column elementor-col-33 elementor-inner-column elementor-element elementor-element-c9bb40b pxl-column-element-default pxl-column-none\" data-id=\"c9bb40b\" data-element_type=\"column\">\r\n        <div class=\"elementor-widget-wrap elementor-element-populated\">\r\n                     \r\n        \t\t<div class=\"elementor-element elementor-element-a31315c elementor-widget elementor-widget-pxl_heading\" data-id=\"a31315c\" data-element_type=\"widget\" data-widget_type=\"pxl_heading.default\">\n\t\t\t\t<div class=\"elementor-widget-container\">\n\t\t\t\t\t<div id=\"pxl-pxl_heading-a31315c-2464\" class=\"pxl-heading px-sub-title-default-style\">\n\t<div class=\"pxl-heading--inner\">\n\t\t\n\t\t\t\t\t<div class=\"pxl-item--subtitle px-sub-title-default\" data-wow-delay=\"ms\">\n\t\t\t\t<span class=\"pxl-item--subtext\">\n\t\t\t\t\t\t\t\t\t\t\t<span class=\"pxl-item--icon pxl-mr-1\">\n\t\t\t\t\t\t\t<i aria-hidden=\"true\" class=\"far fa-location-arrow\"><\/i>\t\t\t\t\t\t<\/span>\n\t\t\t\t\t\t\t\t\t\tEndere\u00e7o\t\t\t\t\t<span class=\"pxl-item--subdivider\"><\/span>\n\t\t\t\t<\/span>\n\t\t\t<\/div>\n\t\t\n\t\t<h3 class=\"pxl-item--title\" data-wow-delay=\"ms\">\n\t\t\t\t\t\t\t\t\t\n\t\t\t\t\n\t\t<\/h3>\n\n\t\t\n\t\t\n\t\t\t\t\t\t\t\t\t<\/div>\n<\/div>\t\t\t\t<\/div>\n\t\t\t\t<\/div>\n\t\t\t\t<div class=\"elementor-element elementor-element-8765a21 elementor-widget elementor-widget-pxl_heading\" data-id=\"8765a21\" data-element_type=\"widget\" data-widget_type=\"pxl_heading.default\">\n\t\t\t\t<div class=\"elementor-widget-container\">\n\t\t\t\t\t<div id=\"pxl-pxl_heading-8765a21-2000\" class=\"pxl-heading px-sub-title-default-style\">\n\t<div class=\"pxl-heading--inner\">\n\t\t\n\t\t\n\t\t<h3 class=\"pxl-item--title\" data-wow-delay=\"ms\">\n\t\t\t\t\t\t\tNosso endere\u00e7o\t\t\n\t\t\t\t\n\t\t<\/h3>\n\n\t\t\n\t\t\n\t\t\t\t\t\t\t\t\t<\/div>\n<\/div>\t\t\t\t<\/div>\n\t\t\t\t<\/div>\n\t\t\t\t<div class=\"elementor-element elementor-element-1e32930 elementor-widget elementor-widget-pxl_link\" data-id=\"1e32930\" data-element_type=\"widget\" data-widget_type=\"pxl_link.default\">\n\t\t\t\t<div class=\"elementor-widget-container\">\n\t\t\t\t\t    <ul class=\"pxl-link pxl-link-l1 pxl-block\" data-wow-delay=\"ms\">\r\n                        <li class=\"\">\r\n                    <a href=\"https:\/\/www.google.com\/maps?sca_esv=12ec41e0914f8521&amp;rlz=1C5CHFA_enBR944BR944&amp;output=search&amp;q=m2b+automotive&amp;source=lnms&amp;fbs=ABzOT_BYhiZpMrUAF0c9tORwPGlsjfkTCQbVbkeDjnTQtijddHclDcuyDJaWoLLVET9RFNAKIdRiceLtjk4Ra47BZLyLmKUfv3mjxPnCqfxs6PC5CJ8oM5wKj3f1ox02JomRLtNwFd7PHBFQY5bSxMt3puK1p6SUz75YNb7XyVeFSuUouzHIUhC1MLFrsfc5wXMXNyY5i8c8LdI-VM2HPHVd8pigk-SJ3Q&amp;entry=mc&amp;ved=1t:200715&amp;ictx=111\">\r\n                                                <span>Alameda Comendador Dr. Santoro Mirone, 1000 - Distrito Industrial Jo\u00e3o Narezzi, Indaiatuba - SP<\/span>\r\n                    <\/a>\r\n                <\/li>\r\n            <\/ul>\r\n\t\t\t\t<\/div>\n\t\t\t\t<\/div>\n\t\t            <\/div>\r\n        <\/div>\r\n        \t\t\t<\/div>\n\t\t<\/section>\n\t\t            <\/div>\r\n        <\/div>\r\n        \t\t\t<\/div>\n\t\t<\/section>\n\t\t        <section class=\"elementor-section elementor-top-section elementor-element elementor-element-ac1deb3 elementor-hidden-tablet_extra elementor-hidden-tablet elementor-hidden-mobile_extra elementor-hidden-mobile elementor-section-boxed elementor-section-height-default elementor-section-height-default pxl-type-header-none pxl-section-smoke_particles-no pxl-row-scroll-none\" data-id=\"ac1deb3\" data-element_type=\"section\">\n\n                \n                <div class=\"elementor-container elementor-column-gap-extended\">\n                <div class=\"elementor-column elementor-col-100 elementor-top-column elementor-element elementor-element-b158828 pxl-column-element-default pxl-column-none\" data-id=\"b158828\" data-element_type=\"column\">\r\n        <div class=\"elementor-widget-wrap elementor-element-populated\">\r\n                     \r\n        \t\t<div class=\"elementor-element elementor-element-bcedb2d google-map-color-custom elementor-widget elementor-widget-google_maps\" data-id=\"bcedb2d\" data-element_type=\"widget\" data-widget_type=\"google_maps.default\">\n\t\t\t\t<div class=\"elementor-widget-container\">\n\t\t\t\t\t\t\t<div class=\"elementor-custom-embed\">\n\t\t\t<iframe loading=\"lazy\"\n\t\t\t\t\tsrc=\"https:\/\/maps.google.com\/maps?q=Alameda%20Comendador%20Dr.%20Santoro%20Mirone%2C%201000%20-%20Distrito%20Industrial%20Jo%C3%A3o%20Narezzi%2C%20Indaiatuba%20-%20SP%2C%2013347-300&#038;t=m&#038;z=14&#038;output=embed&#038;iwloc=near\"\n\t\t\t\t\ttitle=\"Alameda Comendador Dr. Santoro Mirone, 1000 - Distrito Industrial Jo\u00e3o Narezzi, Indaiatuba - SP, 13347-300\"\n\t\t\t\t\taria-label=\"Alameda Comendador Dr. Santoro Mirone, 1000 - Distrito Industrial Jo\u00e3o Narezzi, Indaiatuba - SP, 13347-300\"\n\t\t\t><\/iframe>\n\t\t<\/div>\n\t\t\t\t\t\t<\/div>\n\t\t\t\t<\/div>\n\t\t\t\t<div class=\"elementor-element elementor-element-57ee9d2 elementor-widget__width-auto elementor-absolute elementor-widget elementor-widget-pxl_opening_hour\" data-id=\"57ee9d2\" data-element_type=\"widget\" data-settings=\"{&quot;_position&quot;:&quot;absolute&quot;}\" data-widget_type=\"pxl_opening_hour.default\">\n\t\t\t\t<div class=\"elementor-widget-container\">\n\t\t\t\t\t<div class=\"pxl-opening-hour\">    \r\n                <div class=\"pxl--item\" >\r\n                            <label>Segunda<\/label>\r\n            \r\n                            <span>8h - 18h<\/span>\r\n                    <\/div>\r\n            <div class=\"pxl--item\" >\r\n                            <label>Ter\u00e7a<\/label>\r\n            \r\n                            <span>8h - 18h<\/span>\r\n                    <\/div>\r\n            <div class=\"pxl--item\" >\r\n                            <label>Quarta<\/label>\r\n            \r\n                            <span>8h - 18h<\/span>\r\n                    <\/div>\r\n            <div class=\"pxl--item\" >\r\n                            <label>Quinta<\/label>\r\n            \r\n                            <span>8h - 18h<\/span>\r\n                    <\/div>\r\n            <div class=\"pxl--item\" >\r\n                            <label>Sexta<\/label>\r\n            \r\n                            <span>8h - 18h<\/span>\r\n                    <\/div>\r\n            <div class=\"pxl--item\" >\r\n                            <label>S\u00e1bado<\/label>\r\n            \r\n                            <span><span>Fechado<\/span><\/span>\r\n                    <\/div>\r\n            <div class=\"pxl--item\" >\r\n                            <label>Domingo<\/label>\r\n            \r\n                            <span><span>Fechado<\/span><\/span>\r\n                    <\/div>\r\n          \r\n<\/div>\t\t\t\t<\/div>\n\t\t\t\t<\/div>\n\t\t            <\/div>\r\n        <\/div>\r\n        \t\t\t<\/div>\n\t\t<\/section>\n\t\t\t\t<\/div>","protected":false},"excerpt":{"rendered":"<p>Whatsapp Entre em contato conosco (19) 3936-8020 Email Nos envie um email faleconosco@m2bautomotive.com.br Endere\u00e7o Nosso endere\u00e7o Alameda Comendador Dr. Santoro Mirone, 1000 &#8211; Distrito Industrial Jo\u00e3o Narezzi, Indaiatuba &#8211; SP Segunda 8h &#8211; 18h Ter\u00e7a 8h &#8211; 18h Quarta 8h &#8211; 18h Quinta 8h &#8211; 18h Sexta 8h &#8211; 18h S\u00e1bado Fechado Domingo Fechado<\/p>","protected":false},"author":2,"featured_media":0,"parent":0,"menu_order":0,"comment_status":"closed","ping_status":"closed","template":"","meta":{"content-type":"","_sharing_image":[],"_sharing_image_fieldset":[],"_joinchat":[],"footnotes":""},"class_list":["post-124","page","type-page","status-publish","hentry"],"_links":{"self":[{"href":"https:\/\/m2bautomotive.com.br\/en\/wp-json\/wp\/v2\/pages\/124","targetHints":{"allow":["GET"]}}],"collection":[{"href":"https:\/\/m2bautomotive.com.br\/en\/wp-json\/wp\/v2\/pages"}],"about":[{"href":"https:\/\/m2bautomotive.com.br\/en\/wp-json\/wp\/v2\/types\/page"}],"author":[{"embeddable":true,"href":"https:\/\/m2bautomotive.com.br\/en\/wp-json\/wp\/v2\/users\/2"}],"replies":[{"embeddable":true,"href":"https:\/\/m2bautomotive.com.br\/en\/wp-json\/wp\/v2\/comments?post=124"}],"version-history":[{"count":13,"href":"https:\/\/m2bautomotive.com.br\/en\/wp-json\/wp\/v2\/pages\/124\/revisions"}],"predecessor-version":[{"id":8959,"href":"https:\/\/m2bautomotive.com.br\/en\/wp-json\/wp\/v2\/pages\/124\/revisions\/8959"}],"wp:attachment":[{"href":"https:\/\/m2bautomotive.com.br\/en\/wp-json\/wp\/v2\/media?parent=124"}],"curies":[{"name":"wp","href":"https:\/\/api.w.org\/{rel}","templated":true}]}}