{"id":122,"date":"2023-11-14T02:34:33","date_gmt":"2023-11-14T02:34:33","guid":{"rendered":"https:\/\/demo.bravisthemes.com\/ducatibox\/?page_id=122"},"modified":"2025-04-01T13:13:33","modified_gmt":"2025-04-01T16:13:33","slug":"sobrenos","status":"publish","type":"page","link":"https:\/\/m2bautomotive.com.br\/en\/sobrenos\/","title":{"rendered":"Sobre n\u00f3s"},"content":{"rendered":"<div data-elementor-type=\"wp-page\" data-elementor-id=\"122\" class=\"elementor elementor-122\">\n\t\t\t\t        <section class=\"elementor-section elementor-top-section elementor-element elementor-element-8429fb7 elementor-section-boxed elementor-section-height-default elementor-section-height-default pxl-type-header-none pxl-section-smoke_particles-no pxl-row-scroll-none\" data-id=\"8429fb7\" data-element_type=\"section\">\n\n                \n                <div class=\"elementor-container elementor-column-gap-extended\">\n                <div class=\"elementor-column elementor-col-100 elementor-top-column elementor-element elementor-element-bb6a550 pxl-column-element-default pxl-column-none\" data-id=\"bb6a550\" data-element_type=\"column\">\r\n        <div class=\"elementor-widget-wrap elementor-element-populated\">\r\n                     \r\n        \t\t<div class=\"elementor-element elementor-element-11993f8 elementor-widget elementor-widget-pxl_heading\" data-id=\"11993f8\" data-element_type=\"widget\" data-widget_type=\"pxl_heading.default\">\n\t\t\t\t<div class=\"elementor-widget-container\">\n\t\t\t\t\t<div id=\"pxl-pxl_heading-11993f8-4070\" class=\"pxl-heading px-sub-title-default-style\">\n\t<div class=\"pxl-heading--inner\">\n\t\t\n\t\t\n\t\t<h3 class=\"pxl-item--title\" data-wow-delay=\"ms\">\n\t\t\t\t\t\t\tSomos a M2B Automotive\t\t\n\t\t\t\t\n\t\t<\/h3>\n\n\t\t\n\t\t\n\t\t\t\t\t\t\t\t\t<\/div>\n<\/div>\t\t\t\t<\/div>\n\t\t\t\t<\/div>\n\t\t\t\t<div class=\"elementor-element elementor-element-0f5f9eb elementor-widget elementor-widget-pxl_text_editor\" data-id=\"0f5f9eb\" data-element_type=\"widget\" data-widget_type=\"pxl_text_editor.default\">\n\t\t\t\t<div class=\"elementor-widget-container\">\n\t\t\t\t\t<div class=\"pxl-text-editor\">\n\t<div class=\"pxl-item--inner\" data-wow-delay=\"ms\">\n\t\t<p><span style=\"font-weight: 400\">H\u00e1 mais de 140 anos era fundada na Alemanha a empresa FLABEG, nos dias atuais uma l\u00edder no processamento de vidro. O investimento cont\u00ednuo em tecnologia inovadora a coloca em posi\u00e7\u00e3o de desenvolver solu\u00e7\u00f5es ideais para a mais ampla gama de aplica\u00e7\u00f5es de vidro e espelhos em todo o mundo. A<\/span><b> M2B Automotive <\/b><span style=\"font-weight: 400\">assumiu a partir de fevereiro de 2024, as opera\u00e7\u00f5es da Flabeg no Brasil, na bagagem toda expertise, m\u00e3o de obra especializada, colaboradores altamente qualificados e tecnologia de ponta com maquin\u00e1rio alem\u00e3o, tradi\u00e7\u00e3o mundial no mercado de vidros. No Brasil, localizada em Indaiatuba-SP desde do ano 2000, em uma \u00e1rea de 4.400m\u00b2 dividido em dois pr\u00e9dios, com capacidade produtiva de 3.312m\u00b2.<\/span><\/p><p><span style=\"font-weight: 400\">A <\/span><b>M2B Automotive<\/b><span style=\"font-weight: 400\"> mant\u00e9m as certifica\u00e7\u00f5es, IATF 16949 e ISO 9001, sin\u00f4nimo de qualidade e confiabilidade nos processos produtivos. Em seu DNA a M2B Automotive traz consigo na ess\u00eancia, o r\u00edgido controle de acabamento e perfei\u00e7\u00e3o dos produtos alem\u00e3es. Para novos tempos, uma nova era, uma nova marca, <\/span><b>M2B Automotive<\/b><span style=\"font-weight: 400\">, que tamb\u00e9m surge para acompanhar todas essas transforma\u00e7\u00f5es, com nova identidade visual, novas cores fazem parte da nossa hist\u00f3ria, o azul foi a cor escolhida para nos representar, com todos os atributos que cercam sua simbologia, como simpatia, empatia, harmonia, colabora\u00e7\u00e3o e confian\u00e7a. Alinhado com os valores que a cor azul representa, o s\u00edmbolo do infinito que comp\u00f5e o nosso logotipo representa, a eternidade, grandeza, a fidelidade, todas as qualidades alinhadas com nossa nova cultura.<\/span><\/p>\t<\/div>\n<\/div>\t\t\t\t<\/div>\n\t\t\t\t<\/div>\n\t\t        <section class=\"elementor-section elementor-inner-section elementor-element elementor-element-7215ad3 bg-primary elementor-section-boxed elementor-section-height-default elementor-section-height-default pxl-type-header-none pxl-section-smoke_particles-no pxl-row-scroll-none\" data-id=\"7215ad3\" data-element_type=\"section\">\n\n                \n                <div class=\"elementor-container elementor-column-gap-extended\">\n                <div class=\"elementor-column elementor-col-33 elementor-inner-column elementor-element elementor-element-0920104 pxl-column-element-default pxl-column-none\" data-id=\"0920104\" data-element_type=\"column\">\r\n        <div class=\"elementor-widget-wrap elementor-element-populated\">\r\n                     \r\n        \t\t<div class=\"elementor-element elementor-element-fb9478a elementor-widget__width-auto elementor-widget elementor-widget-pxl_counter\" data-id=\"fb9478a\" data-element_type=\"widget\" data-widget_type=\"pxl_counter.default\">\n\t\t\t\t<div class=\"elementor-widget-container\">\n\t\t\t\t\t<div class=\"pxl-counter pxl-counter1\" data-wow-delay=\"ms\">\r\n    <div class=\"pxl--item-inner\">\r\n                    <div class=\"pxl-item--icon\">\r\n                <div class=\"inner-icon\">\r\n                    <i aria-hidden=\"true\" class=\"far fa-planet-moon\"><\/i>    \r\n                <\/div>\r\n            <\/div>\r\n                        <div class=\"pxl-content\">\r\n            <div class=\"pxl--item-title\">Origem alem\u00e3<\/div>\r\n            <div class=\"pxl--counter-number\">\r\n                                    <span class=\"pxl--counter-prefix\">+<\/span>\r\n                                <span class=\"pxl--counter-value effect-default\" data-duration=\"2000\" data-startnumber=\"1\" data-endnumber=\"140\" data-to-value=\"140\" data-delimiter=\"\">1<\/span>\r\n                                    <span class=\"pxl--counter-suffix\">anos<\/span>\r\n                            <\/div>\r\n        <\/div>\r\n    <\/div>\r\n<\/div>\t\t\t\t<\/div>\n\t\t\t\t<\/div>\n\t\t            <\/div>\r\n        <\/div>\r\n                <div class=\"elementor-column elementor-col-33 elementor-inner-column elementor-element elementor-element-f76efd2 pxl-column-element-default pxl-column-none\" data-id=\"f76efd2\" data-element_type=\"column\">\r\n        <div class=\"elementor-widget-wrap elementor-element-populated\">\r\n                     \r\n        \t\t<div class=\"elementor-element elementor-element-2d4a1a3 elementor-widget__width-auto elementor-widget elementor-widget-pxl_counter\" data-id=\"2d4a1a3\" data-element_type=\"widget\" data-widget_type=\"pxl_counter.default\">\n\t\t\t\t<div class=\"elementor-widget-container\">\n\t\t\t\t\t<div class=\"pxl-counter pxl-counter1\" data-wow-delay=\"ms\">\r\n    <div class=\"pxl--item-inner\">\r\n                    <div class=\"pxl-item--icon\">\r\n                <div class=\"inner-icon\">\r\n                    <i aria-hidden=\"true\" class=\"fas fa-island-tropical\"><\/i>    \r\n                <\/div>\r\n            <\/div>\r\n                        <div class=\"pxl-content\">\r\n            <div class=\"pxl--item-title\">No Brasil<\/div>\r\n            <div class=\"pxl--counter-number\">\r\n                                <span class=\"pxl--counter-value effect-slide\" data-duration=\"2000\" data-startnumber=\"1\" data-endnumber=\"25\" data-to-value=\"25\" data-delimiter=\"\">1<\/span>\r\n                                    <span class=\"pxl--counter-suffix\">anos<\/span>\r\n                            <\/div>\r\n        <\/div>\r\n    <\/div>\r\n<\/div>\t\t\t\t<\/div>\n\t\t\t\t<\/div>\n\t\t            <\/div>\r\n        <\/div>\r\n                <div class=\"elementor-column elementor-col-33 elementor-inner-column elementor-element elementor-element-30a6bf4 pxl-column-element-default pxl-column-none\" data-id=\"30a6bf4\" data-element_type=\"column\">\r\n        <div class=\"elementor-widget-wrap elementor-element-populated\">\r\n                     \r\n        \t\t<div class=\"elementor-element elementor-element-cd500b5 elementor-widget__width-auto elementor-widget elementor-widget-pxl_counter\" data-id=\"cd500b5\" data-element_type=\"widget\" data-widget_type=\"pxl_counter.default\">\n\t\t\t\t<div class=\"elementor-widget-container\">\n\t\t\t\t\t<div class=\"pxl-counter pxl-counter1\" data-wow-delay=\"ms\">\r\n    <div class=\"pxl--item-inner\">\r\n                    <div class=\"pxl-item--icon\">\r\n                <div class=\"inner-icon\">\r\n                    <i aria-hidden=\"true\" class=\"fal fa-building\"><\/i>    \r\n                <\/div>\r\n            <\/div>\r\n                        <div class=\"pxl-content\">\r\n            <div class=\"pxl--item-title\">Nossa f\u00e1brica<\/div>\r\n            <div class=\"pxl--counter-number\">\r\n                                <span class=\"pxl--counter-value effect-slide\" data-duration=\"2000\" data-startnumber=\"1\" data-endnumber=\"4400\" data-to-value=\"4400\" data-delimiter=\"\">1<\/span>\r\n                                    <span class=\"pxl--counter-suffix\">m2<\/span>\r\n                            <\/div>\r\n        <\/div>\r\n    <\/div>\r\n<\/div>\t\t\t\t<\/div>\n\t\t\t\t<\/div>\n\t\t            <\/div>\r\n        <\/div>\r\n        \t\t\t<\/div>\n\t\t<\/section>\n\t\t            <\/div>\r\n        <\/div>\r\n        \t\t\t<\/div>\n\t\t<\/section>\n\t\t        <section class=\"elementor-section elementor-top-section elementor-element elementor-element-f9784e4 elementor-section-boxed elementor-section-height-default elementor-section-height-default pxl-type-header-none pxl-section-smoke_particles-no pxl-row-scroll-none\" data-id=\"f9784e4\" data-element_type=\"section\">\n\n                \n                <div class=\"elementor-container elementor-column-gap-extended\">\n                <div class=\"elementor-column elementor-col-33 elementor-top-column elementor-element elementor-element-341a11e pxl-column-element-default pxl-column-none\" data-id=\"341a11e\" data-element_type=\"column\">\r\n        <div class=\"elementor-widget-wrap elementor-element-populated\">\r\n                     \r\n        \t\t<div class=\"elementor-element elementor-element-0825d2a elementor-widget elementor-widget-pxl_heading\" data-id=\"0825d2a\" data-element_type=\"widget\" data-widget_type=\"pxl_heading.default\">\n\t\t\t\t<div class=\"elementor-widget-container\">\n\t\t\t\t\t<div id=\"pxl-pxl_heading-0825d2a-5659\" class=\"pxl-heading px-sub-title-default-style\">\n\t<div class=\"pxl-heading--inner\">\n\t\t\n\t\t\n\t\t<h3 class=\"pxl-item--title pxl-split-text split-in-left\" data-wow-delay=\"ms\">\n\t\t\t\t\t\t\tOriginal em cada <cite>estapa!<\/cite>\t\t\n\t\t\t\t\n\t\t<\/h3>\n\n\t\t\n\t\t\n\t\t\t\t\t\t\t\t\t<\/div>\n<\/div>\t\t\t\t<\/div>\n\t\t\t\t<\/div>\n\t\t\t\t<div class=\"elementor-element elementor-element-a241f5d elementor-widget elementor-widget-pxl_text_editor\" data-id=\"a241f5d\" data-element_type=\"widget\" data-widget_type=\"pxl_text_editor.default\">\n\t\t\t\t<div class=\"elementor-widget-container\">\n\t\t\t\t\t<div class=\"pxl-text-editor wow fadeInUp\">\n\t<div class=\"pxl-item--inner\" data-wow-delay=\"ms\">\n\t\t<p><span style=\"font-weight: 400\">A<b> M2B Automotive <\/b>segue produzindo espelhos retrovisores, com conhecimentos e a capacidade de aprendizagem garantem suporte personalizado ao cliente, portf\u00f3lio diversificado de produtos\u00a0<\/span><\/p>\t<\/div>\n<\/div>\t\t\t\t<\/div>\n\t\t\t\t<\/div>\n\t\t            <\/div>\r\n        <\/div>\r\n                <div class=\"elementor-column elementor-col-33 elementor-top-column elementor-element elementor-element-eb45758 pxl-column-element-default pxl-column-none\" data-id=\"eb45758\" data-element_type=\"column\">\r\n        <div class=\"elementor-widget-wrap elementor-element-populated\">\r\n                     \r\n        \t\t<div class=\"elementor-element elementor-element-33526aa elementor-widget elementor-widget-pxl_text_editor\" data-id=\"33526aa\" data-element_type=\"widget\" data-widget_type=\"pxl_text_editor.default\">\n\t\t\t\t<div class=\"elementor-widget-container\">\n\t\t\t\t\t<div class=\"pxl-text-editor wow fadeInUp\">\n\t<div class=\"pxl-item--inner\" data-wow-delay=\"ms\">\n\t\t<p><span style=\"font-weight: 400\"><strong>Nossos servi\u00e7os<\/strong><\/span><\/p><p>Processos de Curva\u00e7\u00e3o de vidro; Metaliza\u00e7\u00e3o de vidro; Corte; Fabrica\u00e7\u00e3o de espelhos; Fabrica\u00e7\u00e3o de componentes para espelhos retrovisores; Com\u00e9rcio de Vidros, Espelhos e componentes para Espelhos; Subconjuntos, Refil, Com\u00e9rcio de produtos para cuidados pessoais; Espelhos de Seguran\u00e7a (calotas retrovisoras).\u00a0<\/p>\t<\/div>\n<\/div>\t\t\t\t<\/div>\n\t\t\t\t<\/div>\n\t\t            <\/div>\r\n        <\/div>\r\n                <div class=\"elementor-column elementor-col-33 elementor-top-column elementor-element elementor-element-fbe2843 pxl-column-element-default pxl-column-none\" data-id=\"fbe2843\" data-element_type=\"column\">\r\n        <div class=\"elementor-widget-wrap elementor-element-populated\">\r\n                     \r\n        \t\t<div class=\"elementor-element elementor-element-18d5a69 elementor-widget elementor-widget-pxl_text_editor\" data-id=\"18d5a69\" data-element_type=\"widget\" data-widget_type=\"pxl_text_editor.default\">\n\t\t\t\t<div class=\"elementor-widget-container\">\n\t\t\t\t\t<div class=\"pxl-text-editor wow fadeInUp\">\n\t<div class=\"pxl-item--inner\" data-wow-delay=\"ms\">\n\t\t<p><strong>Processos<\/strong><\/p><p><span style=\"font-weight: 400\">Nossos processos resultam da filosofia de gest\u00e3o Lean Manufacturing, com o objetivo de alcan\u00e7ar o m\u00e1ximo de valor agregado com a melhor utiliza\u00e7\u00e3o de recursos. Sistemas automatizados, inova\u00e7\u00e3o, tecnologia e controles de precis\u00e3o refletem na excel\u00eancia em seguran\u00e7a e qualidade dos produtos e servi\u00e7os que oferecemos.<\/span><\/p>\t<\/div>\n<\/div>\t\t\t\t<\/div>\n\t\t\t\t<\/div>\n\t\t            <\/div>\r\n        <\/div>\r\n        \t\t\t<\/div>\n\t\t<\/section>\n\t\t        <section class=\"elementor-section elementor-top-section elementor-element elementor-element-5ea5d8b elementor-section-boxed elementor-section-height-default elementor-section-height-default pxl-type-header-none pxl-section-smoke_particles-no pxl-row-scroll-none\" data-id=\"5ea5d8b\" data-element_type=\"section\">\n\n                \n                <div class=\"elementor-container elementor-column-gap-extended\">\n                <div class=\"elementor-column elementor-col-33 elementor-top-column elementor-element elementor-element-5a87c28 pxl-column-element-default pxl-column-none\" data-id=\"5a87c28\" data-element_type=\"column\">\r\n        <div class=\"elementor-widget-wrap elementor-element-populated\">\r\n                     \r\n        \t\t<div class=\"elementor-element elementor-element-912f8fb elementor-widget elementor-widget-video\" data-id=\"912f8fb\" data-element_type=\"widget\" data-settings=\"{&quot;video_type&quot;:&quot;hosted&quot;,&quot;autoplay&quot;:&quot;yes&quot;,&quot;mute&quot;:&quot;yes&quot;,&quot;loop&quot;:&quot;yes&quot;}\" data-widget_type=\"video.default\">\n\t\t\t\t<div class=\"elementor-widget-container\">\n\t\t\t\t\t\t\t<div class=\"e-hosted-video elementor-wrapper elementor-open-inline\">\n\t\t\t\t\t<video class=\"elementor-video\" src=\"https:\/\/m2bautomotive.com.br\/wp-content\/uploads\/2025\/03\/copy_87E96D29-C9AB-4609-BCBE-7B23E153681C.mov\" autoplay=\"\" loop=\"\" muted=\"muted\" controlslist=\"nodownload\"><\/video>\n\t\t\t\t<\/div>\n\t\t\t\t\t\t<\/div>\n\t\t\t\t<\/div>\n\t\t            <\/div>\r\n        <\/div>\r\n                <div class=\"elementor-column elementor-col-33 elementor-top-column elementor-element elementor-element-e07064a pxl-column-element-default pxl-column-none\" data-id=\"e07064a\" data-element_type=\"column\">\r\n        <div class=\"elementor-widget-wrap elementor-element-populated\">\r\n                     \r\n        \t\t<div class=\"elementor-element elementor-element-c6c6758 elementor-widget elementor-widget-video\" data-id=\"c6c6758\" data-element_type=\"widget\" data-settings=\"{&quot;video_type&quot;:&quot;hosted&quot;,&quot;autoplay&quot;:&quot;yes&quot;,&quot;mute&quot;:&quot;yes&quot;,&quot;loop&quot;:&quot;yes&quot;}\" data-widget_type=\"video.default\">\n\t\t\t\t<div class=\"elementor-widget-container\">\n\t\t\t\t\t\t\t<div class=\"e-hosted-video elementor-wrapper elementor-open-inline\">\n\t\t\t\t\t<video class=\"elementor-video\" src=\"https:\/\/m2bautomotive.com.br\/wp-content\/uploads\/2025\/03\/IMG_1740.mov\" autoplay=\"\" loop=\"\" muted=\"muted\" controlslist=\"nodownload\"><\/video>\n\t\t\t\t<\/div>\n\t\t\t\t\t\t<\/div>\n\t\t\t\t<\/div>\n\t\t            <\/div>\r\n        <\/div>\r\n                <div class=\"elementor-column elementor-col-33 elementor-top-column elementor-element elementor-element-d0fce4a pxl-column-element-default pxl-column-none\" data-id=\"d0fce4a\" data-element_type=\"column\">\r\n        <div class=\"elementor-widget-wrap elementor-element-populated\">\r\n                     \r\n        \t\t<div class=\"elementor-element elementor-element-891783d elementor-widget elementor-widget-video\" data-id=\"891783d\" data-element_type=\"widget\" data-settings=\"{&quot;video_type&quot;:&quot;hosted&quot;,&quot;autoplay&quot;:&quot;yes&quot;,&quot;mute&quot;:&quot;yes&quot;,&quot;loop&quot;:&quot;yes&quot;}\" data-widget_type=\"video.default\">\n\t\t\t\t<div class=\"elementor-widget-container\">\n\t\t\t\t\t\t\t<div class=\"e-hosted-video elementor-wrapper elementor-open-inline\">\n\t\t\t\t\t<video class=\"elementor-video\" src=\"https:\/\/m2bautomotive.com.br\/wp-content\/uploads\/2025\/03\/IMG_5617.mov\" autoplay=\"\" loop=\"\" muted=\"muted\" controlslist=\"nodownload\"><\/video>\n\t\t\t\t<\/div>\n\t\t\t\t\t\t<\/div>\n\t\t\t\t<\/div>\n\t\t            <\/div>\r\n        <\/div>\r\n        \t\t\t<\/div>\n\t\t<\/section>\n\t\t\t\t<\/div>","protected":false},"excerpt":{"rendered":"<p>Somos a M2B Automotive H\u00e1 mais de 140 anos era fundada na Alemanha a empresa FLABEG, nos dias atuais uma l\u00edder no processamento de vidro. O investimento cont\u00ednuo em tecnologia inovadora a coloca em posi\u00e7\u00e3o de desenvolver solu\u00e7\u00f5es ideais para a mais ampla gama de aplica\u00e7\u00f5es de vidro e espelhos em todo o mundo. A [&hellip;]<\/p>","protected":false},"author":2,"featured_media":0,"parent":0,"menu_order":0,"comment_status":"closed","ping_status":"closed","template":"","meta":{"content-type":"","_sharing_image":[],"_sharing_image_fieldset":[],"_joinchat":[],"footnotes":""},"class_list":["post-122","page","type-page","status-publish","hentry"],"_links":{"self":[{"href":"https:\/\/m2bautomotive.com.br\/en\/wp-json\/wp\/v2\/pages\/122","targetHints":{"allow":["GET"]}}],"collection":[{"href":"https:\/\/m2bautomotive.com.br\/en\/wp-json\/wp\/v2\/pages"}],"about":[{"href":"https:\/\/m2bautomotive.com.br\/en\/wp-json\/wp\/v2\/types\/page"}],"author":[{"embeddable":true,"href":"https:\/\/m2bautomotive.com.br\/en\/wp-json\/wp\/v2\/users\/2"}],"replies":[{"embeddable":true,"href":"https:\/\/m2bautomotive.com.br\/en\/wp-json\/wp\/v2\/comments?post=122"}],"version-history":[{"count":40,"href":"https:\/\/m2bautomotive.com.br\/en\/wp-json\/wp\/v2\/pages\/122\/revisions"}],"predecessor-version":[{"id":8722,"href":"https:\/\/m2bautomotive.com.br\/en\/wp-json\/wp\/v2\/pages\/122\/revisions\/8722"}],"wp:attachment":[{"href":"https:\/\/m2bautomotive.com.br\/en\/wp-json\/wp\/v2\/media?parent=122"}],"curies":[{"name":"wp","href":"https:\/\/api.w.org\/{rel}","templated":true}]}}